{"id":343,"date":"2025-11-12T23:03:12","date_gmt":"2025-11-12T22:03:12","guid":{"rendered":"https:\/\/darksalmon-sardine-471337.hostingersite.com\/?page_id=343"},"modified":"2026-03-22T02:26:16","modified_gmt":"2026-03-22T01:26:16","slug":"galeria","status":"publish","type":"page","link":"https:\/\/pssl.cl\/en\/galeria\/","title":{"rendered":"Gallery"},"content":{"rendered":"<div data-elementor-type=\"wp-page\" data-elementor-id=\"343\" class=\"elementor elementor-343\" data-elementor-post-type=\"page\">\n\t\t\t\t<div class=\"elementor-element elementor-element-485a05c e-flex e-con-boxed e-con e-parent\" data-id=\"485a05c\" data-element_type=\"container\" data-settings=\"{&quot;background_background&quot;:&quot;classic&quot;}\">\n\t\t\t\t\t<div class=\"e-con-inner\">\n\t\t<div class=\"elementor-element elementor-element-2abc652 e-con-full e-flex e-con e-child\" data-id=\"2abc652\" data-element_type=\"container\">\n\t\t\t\t<div class=\"elementor-element elementor-element-b9fbe1b elementor-widget elementor-widget-heading\" data-id=\"b9fbe1b\" data-element_type=\"widget\" data-widget_type=\"heading.default\">\n\t\t\t\t\t<h5 class=\"elementor-heading-title elementor-size-default\">Effective Logistics Solutions<\/h5>\t\t\t\t<\/div>\n\t\t\t\t<div class=\"elementor-element elementor-element-dd08789 elementor-widget elementor-widget-heading\" data-id=\"dd08789\" data-element_type=\"widget\" data-widget_type=\"heading.default\">\n\t\t\t\t\t<h1 class=\"elementor-heading-title elementor-size-default\">Image Gallery<\/h1>\t\t\t\t<\/div>\n\t\t<div class=\"elementor-element elementor-element-51b5130 e-con-full e-flex e-con e-child\" data-id=\"51b5130\" data-element_type=\"container\">\n\t\t\t\t<div class=\"elementor-element elementor-element-2fadd8e elementor-widget__width-auto elementor-mobile-align-right elementor-widget elementor-widget-button\" data-id=\"2fadd8e\" data-element_type=\"widget\" data-widget_type=\"button.default\">\n\t\t\t\t\t\t\t\t\t\t<a class=\"elementor-button elementor-button-link elementor-size-sm\" href=\"https:\/\/pssl.cl\/en\/contacto\/\">\n\t\t\t\t\t\t<span class=\"elementor-button-content-wrapper\">\n\t\t\t\t\t\t\t\t\t<span class=\"elementor-button-text\">Contact Us<\/span>\n\t\t\t\t\t<\/span>\n\t\t\t\t\t<\/a>\n\t\t\t\t\t\t\t\t<\/div>\n\t\t\t\t<div class=\"elementor-element elementor-element-c246917 elementor-widget__width-auto elementor-mobile-align-right elementor-widget elementor-widget-button\" data-id=\"c246917\" data-element_type=\"widget\" data-widget_type=\"button.default\">\n\t\t\t\t\t\t\t\t\t\t<a class=\"elementor-button elementor-button-link elementor-size-sm\" href=\"https:\/\/pssl.cl\/en\/servicios\/\">\n\t\t\t\t\t\t<span class=\"elementor-button-content-wrapper\">\n\t\t\t\t\t\t\t\t\t<span class=\"elementor-button-text\">View Services<\/span>\n\t\t\t\t\t<\/span>\n\t\t\t\t\t<\/a>\n\t\t\t\t\t\t\t\t<\/div>\n\t\t\t\t<\/div>\n\t\t\t\t<\/div>\n\t\t\t\t\t<\/div>\n\t\t\t\t<\/div>\n\t\t<div class=\"elementor-element elementor-element-374bbc8 e-flex e-con-boxed e-con e-parent\" data-id=\"374bbc8\" data-element_type=\"container\">\n\t\t\t\t\t<div class=\"e-con-inner\">\n\t\t\t\t<div class=\"elementor-element elementor-element-f38f5a7 elementor-widget elementor-widget-gallery\" data-id=\"f38f5a7\" data-element_type=\"widget\" data-settings=\"{&quot;gallery_layout&quot;:&quot;masonry&quot;,&quot;lazyload&quot;:&quot;yes&quot;,&quot;columns&quot;:4,&quot;columns_tablet&quot;:2,&quot;columns_mobile&quot;:1,&quot;gap&quot;:{&quot;unit&quot;:&quot;px&quot;,&quot;size&quot;:10,&quot;sizes&quot;:[]},&quot;gap_tablet&quot;:{&quot;unit&quot;:&quot;px&quot;,&quot;size&quot;:10,&quot;sizes&quot;:[]},&quot;gap_mobile&quot;:{&quot;unit&quot;:&quot;px&quot;,&quot;size&quot;:10,&quot;sizes&quot;:[]},&quot;link_to&quot;:&quot;file&quot;,&quot;overlay_background&quot;:&quot;yes&quot;,&quot;content_hover_animation&quot;:&quot;fade-in&quot;}\" data-widget_type=\"gallery.default\">\n\t\t\t\t\t\t\t<div class=\"elementor-gallery__container\">\n\t\t\t\t\t\t\t<a class=\"e-gallery-item elementor-gallery-item elementor-animated-content\" href=\"https:\/\/pssl.cl\/wp-content\/uploads\/2025\/11\/Bodega-1.jpeg\" data-elementor-open-lightbox=\"yes\" data-elementor-lightbox-slideshow=\"f38f5a7\" data-elementor-lightbox-title=\"Bodega 1\" data-e-action-hash=\"#elementor-action%3Aaction%3Dlightbox%26settings%3DeyJpZCI6MzU2LCJ1cmwiOiJodHRwczpcL1wvcHNzbC5jbFwvd3AtY29udGVudFwvdXBsb2Fkc1wvMjAyNVwvMTFcL0JvZGVnYS0xLmpwZWciLCJzbGlkZXNob3ciOiJmMzhmNWE3In0%3D\">\n\t\t\t\t\t<div class=\"e-gallery-image elementor-gallery-item__image\" data-thumbnail=\"https:\/\/pssl.cl\/wp-content\/uploads\/2025\/11\/Bodega-1-300x225.jpeg\" data-width=\"300\" data-height=\"225\" aria-label=\"\" role=\"img\" ><\/div>\n\t\t\t\t\t\t\t\t\t\t\t<div class=\"elementor-gallery-item__overlay\"><\/div>\n\t\t\t\t\t\t\t\t\t\t\t\t\t\t<\/a>\n\t\t\t\t\t\t\t<a class=\"e-gallery-item elementor-gallery-item elementor-animated-content\" href=\"https:\/\/pssl.cl\/wp-content\/uploads\/2025\/11\/Bodega-cilindros.jpeg\" data-elementor-open-lightbox=\"yes\" data-elementor-lightbox-slideshow=\"f38f5a7\" data-elementor-lightbox-title=\"Bodega cilindros\" data-e-action-hash=\"#elementor-action%3Aaction%3Dlightbox%26settings%3DeyJpZCI6MzU3LCJ1cmwiOiJodHRwczpcL1wvcHNzbC5jbFwvd3AtY29udGVudFwvdXBsb2Fkc1wvMjAyNVwvMTFcL0JvZGVnYS1jaWxpbmRyb3MuanBlZyIsInNsaWRlc2hvdyI6ImYzOGY1YTcifQ%3D%3D\">\n\t\t\t\t\t<div class=\"e-gallery-image elementor-gallery-item__image\" data-thumbnail=\"https:\/\/pssl.cl\/wp-content\/uploads\/2025\/11\/Bodega-cilindros-300x225.jpeg\" data-width=\"300\" data-height=\"225\" aria-label=\"\" role=\"img\" ><\/div>\n\t\t\t\t\t\t\t\t\t\t\t<div class=\"elementor-gallery-item__overlay\"><\/div>\n\t\t\t\t\t\t\t\t\t\t\t\t\t\t<\/a>\n\t\t\t\t\t\t\t<a class=\"e-gallery-item elementor-gallery-item elementor-animated-content\" href=\"https:\/\/pssl.cl\/wp-content\/uploads\/2025\/11\/Bodega-espias.jpeg\" data-elementor-open-lightbox=\"yes\" data-elementor-lightbox-slideshow=\"f38f5a7\" data-elementor-lightbox-title=\"Bodega espias\" data-e-action-hash=\"#elementor-action%3Aaction%3Dlightbox%26settings%3DeyJpZCI6MzU4LCJ1cmwiOiJodHRwczpcL1wvcHNzbC5jbFwvd3AtY29udGVudFwvdXBsb2Fkc1wvMjAyNVwvMTFcL0JvZGVnYS1lc3BpYXMuanBlZyIsInNsaWRlc2hvdyI6ImYzOGY1YTcifQ%3D%3D\">\n\t\t\t\t\t<div class=\"e-gallery-image elementor-gallery-item__image\" data-thumbnail=\"https:\/\/pssl.cl\/wp-content\/uploads\/2025\/11\/Bodega-espias-300x225.jpeg\" data-width=\"300\" data-height=\"225\" aria-label=\"\" role=\"img\" ><\/div>\n\t\t\t\t\t\t\t\t\t\t\t<div class=\"elementor-gallery-item__overlay\"><\/div>\n\t\t\t\t\t\t\t\t\t\t\t\t\t\t<\/a>\n\t\t\t\t\t\t\t<a class=\"e-gallery-item elementor-gallery-item elementor-animated-content\" href=\"https:\/\/pssl.cl\/wp-content\/uploads\/2025\/11\/Cilindros-CO2-1.jpeg\" data-elementor-open-lightbox=\"yes\" data-elementor-lightbox-slideshow=\"f38f5a7\" data-elementor-lightbox-title=\"Cilindros CO2\" data-e-action-hash=\"#elementor-action%3Aaction%3Dlightbox%26settings%3DeyJpZCI6MzU5LCJ1cmwiOiJodHRwczpcL1wvcHNzbC5jbFwvd3AtY29udGVudFwvdXBsb2Fkc1wvMjAyNVwvMTFcL0NpbGluZHJvcy1DTzItMS5qcGVnIiwic2xpZGVzaG93IjoiZjM4ZjVhNyJ9\">\n\t\t\t\t\t<div class=\"e-gallery-image elementor-gallery-item__image\" data-thumbnail=\"https:\/\/pssl.cl\/wp-content\/uploads\/2025\/11\/Cilindros-CO2-1-300x225.jpeg\" data-width=\"300\" data-height=\"225\" aria-label=\"\" role=\"img\" ><\/div>\n\t\t\t\t\t\t\t\t\t\t\t<div class=\"elementor-gallery-item__overlay\"><\/div>\n\t\t\t\t\t\t\t\t\t\t\t\t\t\t<\/a>\n\t\t\t\t\t\t\t<a class=\"e-gallery-item elementor-gallery-item elementor-animated-content\" href=\"https:\/\/pssl.cl\/wp-content\/uploads\/2025\/11\/Espias-1.jpeg\" data-elementor-open-lightbox=\"yes\" data-elementor-lightbox-slideshow=\"f38f5a7\" data-elementor-lightbox-title=\"Espias 1\" data-e-action-hash=\"#elementor-action%3Aaction%3Dlightbox%26settings%3DeyJpZCI6MzYwLCJ1cmwiOiJodHRwczpcL1wvcHNzbC5jbFwvd3AtY29udGVudFwvdXBsb2Fkc1wvMjAyNVwvMTFcL0VzcGlhcy0xLmpwZWciLCJzbGlkZXNob3ciOiJmMzhmNWE3In0%3D\">\n\t\t\t\t\t<div class=\"e-gallery-image elementor-gallery-item__image\" data-thumbnail=\"https:\/\/pssl.cl\/wp-content\/uploads\/2025\/11\/Espias-1-300x225.jpeg\" data-width=\"300\" data-height=\"225\" aria-label=\"\" role=\"img\" ><\/div>\n\t\t\t\t\t\t\t\t\t\t\t<div class=\"elementor-gallery-item__overlay\"><\/div>\n\t\t\t\t\t\t\t\t\t\t\t\t\t\t<\/a>\n\t\t\t\t\t\t\t<a class=\"e-gallery-item elementor-gallery-item elementor-animated-content\" href=\"https:\/\/pssl.cl\/wp-content\/uploads\/2025\/11\/FOTO-CAMION-SAI-1-scaled.jpg\" data-elementor-open-lightbox=\"yes\" data-elementor-lightbox-slideshow=\"f38f5a7\" data-elementor-lightbox-title=\"FOTO CAMION SAI\" data-e-action-hash=\"#elementor-action%3Aaction%3Dlightbox%26settings%3DeyJpZCI6MzYxLCJ1cmwiOiJodHRwczpcL1wvcHNzbC5jbFwvd3AtY29udGVudFwvdXBsb2Fkc1wvMjAyNVwvMTFcL0ZPVE8tQ0FNSU9OLVNBSS0xLXNjYWxlZC5qcGciLCJzbGlkZXNob3ciOiJmMzhmNWE3In0%3D\">\n\t\t\t\t\t<div class=\"e-gallery-image elementor-gallery-item__image\" data-thumbnail=\"https:\/\/pssl.cl\/wp-content\/uploads\/2025\/11\/FOTO-CAMION-SAI-1-300x225.jpg\" data-width=\"300\" data-height=\"225\" aria-label=\"\" role=\"img\" ><\/div>\n\t\t\t\t\t\t\t\t\t\t\t<div class=\"elementor-gallery-item__overlay\"><\/div>\n\t\t\t\t\t\t\t\t\t\t\t\t\t\t<\/a>\n\t\t\t\t\t\t\t<a class=\"e-gallery-item elementor-gallery-item elementor-animated-content\" href=\"https:\/\/pssl.cl\/wp-content\/uploads\/2025\/11\/FOTO-EJ-ESPIAS-1.jpg\" data-elementor-open-lightbox=\"yes\" data-elementor-lightbox-slideshow=\"f38f5a7\" data-elementor-lightbox-title=\"FOTO EJ ESPIAS\" data-e-action-hash=\"#elementor-action%3Aaction%3Dlightbox%26settings%3DeyJpZCI6MzYyLCJ1cmwiOiJodHRwczpcL1wvcHNzbC5jbFwvd3AtY29udGVudFwvdXBsb2Fkc1wvMjAyNVwvMTFcL0ZPVE8tRUotRVNQSUFTLTEuanBnIiwic2xpZGVzaG93IjoiZjM4ZjVhNyJ9\">\n\t\t\t\t\t<div class=\"e-gallery-image elementor-gallery-item__image\" data-thumbnail=\"https:\/\/pssl.cl\/wp-content\/uploads\/2025\/11\/FOTO-EJ-ESPIAS-1-225x300.jpg\" data-width=\"225\" data-height=\"300\" aria-label=\"\" role=\"img\" ><\/div>\n\t\t\t\t\t\t\t\t\t\t\t<div class=\"elementor-gallery-item__overlay\"><\/div>\n\t\t\t\t\t\t\t\t\t\t\t\t\t\t<\/a>\n\t\t\t\t\t\t\t<a class=\"e-gallery-item elementor-gallery-item elementor-animated-content\" href=\"https:\/\/pssl.cl\/wp-content\/uploads\/2025\/11\/FOTO-PRESSURE-DROP-VAP-1-scaled.jpg\" data-elementor-open-lightbox=\"yes\" data-elementor-lightbox-slideshow=\"f38f5a7\" data-elementor-lightbox-title=\"FOTO PRESSURE DROP VAP\" data-e-action-hash=\"#elementor-action%3Aaction%3Dlightbox%26settings%3DeyJpZCI6MzYzLCJ1cmwiOiJodHRwczpcL1wvcHNzbC5jbFwvd3AtY29udGVudFwvdXBsb2Fkc1wvMjAyNVwvMTFcL0ZPVE8tUFJFU1NVUkUtRFJPUC1WQVAtMS1zY2FsZWQuanBnIiwic2xpZGVzaG93IjoiZjM4ZjVhNyJ9\">\n\t\t\t\t\t<div class=\"e-gallery-image elementor-gallery-item__image\" data-thumbnail=\"https:\/\/pssl.cl\/wp-content\/uploads\/2025\/11\/FOTO-PRESSURE-DROP-VAP-1-300x225.jpg\" data-width=\"300\" data-height=\"225\" aria-label=\"\" role=\"img\" ><\/div>\n\t\t\t\t\t\t\t\t\t\t\t<div class=\"elementor-gallery-item__overlay\"><\/div>\n\t\t\t\t\t\t\t\t\t\t\t\t\t\t<\/a>\n\t\t\t\t\t\t\t<a class=\"e-gallery-item elementor-gallery-item elementor-animated-content\" href=\"https:\/\/pssl.cl\/wp-content\/uploads\/2025\/11\/FOTO-TPS-1-scaled.jpg\" data-elementor-open-lightbox=\"yes\" data-elementor-lightbox-slideshow=\"f38f5a7\" data-elementor-lightbox-title=\"FOTO TPS\" data-e-action-hash=\"#elementor-action%3Aaction%3Dlightbox%26settings%3DeyJpZCI6MzY0LCJ1cmwiOiJodHRwczpcL1wvcHNzbC5jbFwvd3AtY29udGVudFwvdXBsb2Fkc1wvMjAyNVwvMTFcL0ZPVE8tVFBTLTEtc2NhbGVkLmpwZyIsInNsaWRlc2hvdyI6ImYzOGY1YTcifQ%3D%3D\">\n\t\t\t\t\t<div class=\"e-gallery-image elementor-gallery-item__image\" data-thumbnail=\"https:\/\/pssl.cl\/wp-content\/uploads\/2025\/11\/FOTO-TPS-1-225x300.jpg\" data-width=\"225\" data-height=\"300\" aria-label=\"\" role=\"img\" ><\/div>\n\t\t\t\t\t\t\t\t\t\t\t<div class=\"elementor-gallery-item__overlay\"><\/div>\n\t\t\t\t\t\t\t\t\t\t\t\t\t\t<\/a>\n\t\t\t\t\t\t\t<a class=\"e-gallery-item elementor-gallery-item elementor-animated-content\" href=\"https:\/\/pssl.cl\/wp-content\/uploads\/2025\/11\/FOTO-TPV-scaled.jpg\" data-elementor-open-lightbox=\"yes\" data-elementor-lightbox-slideshow=\"f38f5a7\" data-elementor-lightbox-title=\"FOTO TPV\" data-e-action-hash=\"#elementor-action%3Aaction%3Dlightbox%26settings%3DeyJpZCI6MzY1LCJ1cmwiOiJodHRwczpcL1wvcHNzbC5jbFwvd3AtY29udGVudFwvdXBsb2Fkc1wvMjAyNVwvMTFcL0ZPVE8tVFBWLXNjYWxlZC5qcGciLCJzbGlkZXNob3ciOiJmMzhmNWE3In0%3D\">\n\t\t\t\t\t<div class=\"e-gallery-image elementor-gallery-item__image\" data-thumbnail=\"https:\/\/pssl.cl\/wp-content\/uploads\/2025\/11\/FOTO-TPV-225x300.jpg\" data-width=\"225\" data-height=\"300\" aria-label=\"\" role=\"img\" ><\/div>\n\t\t\t\t\t\t\t\t\t\t\t<div class=\"elementor-gallery-item__overlay\"><\/div>\n\t\t\t\t\t\t\t\t\t\t\t\t\t\t<\/a>\n\t\t\t\t\t\t\t<a class=\"e-gallery-item elementor-gallery-item elementor-animated-content\" href=\"https:\/\/pssl.cl\/wp-content\/uploads\/2025\/11\/FOTOS-VW-scaled.jpg\" data-elementor-open-lightbox=\"yes\" data-elementor-lightbox-slideshow=\"f38f5a7\" data-elementor-lightbox-title=\"FOTOS VW\" data-e-action-hash=\"#elementor-action%3Aaction%3Dlightbox%26settings%3DeyJpZCI6MzY2LCJ1cmwiOiJodHRwczpcL1wvcHNzbC5jbFwvd3AtY29udGVudFwvdXBsb2Fkc1wvMjAyNVwvMTFcL0ZPVE9TLVZXLXNjYWxlZC5qcGciLCJzbGlkZXNob3ciOiJmMzhmNWE3In0%3D\">\n\t\t\t\t\t<div class=\"e-gallery-image elementor-gallery-item__image\" data-thumbnail=\"https:\/\/pssl.cl\/wp-content\/uploads\/2025\/11\/FOTOS-VW-300x225.jpg\" data-width=\"300\" data-height=\"225\" aria-label=\"\" role=\"img\" ><\/div>\n\t\t\t\t\t\t\t\t\t\t\t<div class=\"elementor-gallery-item__overlay\"><\/div>\n\t\t\t\t\t\t\t\t\t\t\t\t\t\t<\/a>\n\t\t\t\t\t\t\t<a class=\"e-gallery-item elementor-gallery-item elementor-animated-content\" href=\"https:\/\/pssl.cl\/wp-content\/uploads\/2025\/11\/IMG-20231209-WA0005.jpg\" data-elementor-open-lightbox=\"yes\" data-elementor-lightbox-slideshow=\"f38f5a7\" data-elementor-lightbox-title=\"IMG-20231209-WA0005\" data-e-action-hash=\"#elementor-action%3Aaction%3Dlightbox%26settings%3DeyJpZCI6MzY3LCJ1cmwiOiJodHRwczpcL1wvcHNzbC5jbFwvd3AtY29udGVudFwvdXBsb2Fkc1wvMjAyNVwvMTFcL0lNRy0yMDIzMTIwOS1XQTAwMDUuanBnIiwic2xpZGVzaG93IjoiZjM4ZjVhNyJ9\">\n\t\t\t\t\t<div class=\"e-gallery-image elementor-gallery-item__image\" data-thumbnail=\"https:\/\/pssl.cl\/wp-content\/uploads\/2025\/11\/IMG-20231209-WA0005-300x225.jpg\" data-width=\"300\" data-height=\"225\" aria-label=\"\" role=\"img\" ><\/div>\n\t\t\t\t\t\t\t\t\t\t\t<div class=\"elementor-gallery-item__overlay\"><\/div>\n\t\t\t\t\t\t\t\t\t\t\t\t\t\t<\/a>\n\t\t\t\t\t\t\t<a class=\"e-gallery-item elementor-gallery-item elementor-animated-content\" href=\"https:\/\/pssl.cl\/wp-content\/uploads\/2025\/11\/IMG-20240308-WA0018.jpg\" data-elementor-open-lightbox=\"yes\" data-elementor-lightbox-slideshow=\"f38f5a7\" data-elementor-lightbox-title=\"IMG-20240308-WA0018\" data-e-action-hash=\"#elementor-action%3Aaction%3Dlightbox%26settings%3DeyJpZCI6MzY4LCJ1cmwiOiJodHRwczpcL1wvcHNzbC5jbFwvd3AtY29udGVudFwvdXBsb2Fkc1wvMjAyNVwvMTFcL0lNRy0yMDI0MDMwOC1XQTAwMTguanBnIiwic2xpZGVzaG93IjoiZjM4ZjVhNyJ9\">\n\t\t\t\t\t<div class=\"e-gallery-image elementor-gallery-item__image\" data-thumbnail=\"https:\/\/pssl.cl\/wp-content\/uploads\/2025\/11\/IMG-20240308-WA0018-300x225.jpg\" data-width=\"300\" data-height=\"225\" aria-label=\"\" role=\"img\" ><\/div>\n\t\t\t\t\t\t\t\t\t\t\t<div class=\"elementor-gallery-item__overlay\"><\/div>\n\t\t\t\t\t\t\t\t\t\t\t\t\t\t<\/a>\n\t\t\t\t\t\t\t<a class=\"e-gallery-item elementor-gallery-item elementor-animated-content\" href=\"https:\/\/pssl.cl\/wp-content\/uploads\/2025\/11\/IMG-20240426-WA0000.jpg\" data-elementor-open-lightbox=\"yes\" data-elementor-lightbox-slideshow=\"f38f5a7\" data-elementor-lightbox-title=\"IMG-20240426-WA0000\" data-e-action-hash=\"#elementor-action%3Aaction%3Dlightbox%26settings%3DeyJpZCI6MzcwLCJ1cmwiOiJodHRwczpcL1wvcHNzbC5jbFwvd3AtY29udGVudFwvdXBsb2Fkc1wvMjAyNVwvMTFcL0lNRy0yMDI0MDQyNi1XQTAwMDAuanBnIiwic2xpZGVzaG93IjoiZjM4ZjVhNyJ9\">\n\t\t\t\t\t<div class=\"e-gallery-image elementor-gallery-item__image\" data-thumbnail=\"https:\/\/pssl.cl\/wp-content\/uploads\/2025\/11\/IMG-20240426-WA0000-300x169.jpg\" data-width=\"300\" data-height=\"169\" aria-label=\"\" role=\"img\" ><\/div>\n\t\t\t\t\t\t\t\t\t\t\t<div class=\"elementor-gallery-item__overlay\"><\/div>\n\t\t\t\t\t\t\t\t\t\t\t\t\t\t<\/a>\n\t\t\t\t\t\t\t<a class=\"e-gallery-item elementor-gallery-item elementor-animated-content\" href=\"https:\/\/pssl.cl\/wp-content\/uploads\/2025\/11\/IMG-20241108-WA0006.jpg\" data-elementor-open-lightbox=\"yes\" data-elementor-lightbox-slideshow=\"f38f5a7\" data-elementor-lightbox-title=\"IMG-20241108-WA0006\" data-e-action-hash=\"#elementor-action%3Aaction%3Dlightbox%26settings%3DeyJpZCI6MzcxLCJ1cmwiOiJodHRwczpcL1wvcHNzbC5jbFwvd3AtY29udGVudFwvdXBsb2Fkc1wvMjAyNVwvMTFcL0lNRy0yMDI0MTEwOC1XQTAwMDYuanBnIiwic2xpZGVzaG93IjoiZjM4ZjVhNyJ9\">\n\t\t\t\t\t<div class=\"e-gallery-image elementor-gallery-item__image\" data-thumbnail=\"https:\/\/pssl.cl\/wp-content\/uploads\/2025\/11\/IMG-20241108-WA0006-240x300.jpg\" data-width=\"240\" data-height=\"300\" aria-label=\"\" role=\"img\" ><\/div>\n\t\t\t\t\t\t\t\t\t\t\t<div class=\"elementor-gallery-item__overlay\"><\/div>\n\t\t\t\t\t\t\t\t\t\t\t\t\t\t<\/a>\n\t\t\t\t\t\t\t<a class=\"e-gallery-item elementor-gallery-item elementor-animated-content\" href=\"https:\/\/pssl.cl\/wp-content\/uploads\/2025\/11\/IMG-20241205-WA0022.jpg\" data-elementor-open-lightbox=\"yes\" data-elementor-lightbox-slideshow=\"f38f5a7\" data-elementor-lightbox-title=\"IMG-20241205-WA0022\" data-e-action-hash=\"#elementor-action%3Aaction%3Dlightbox%26settings%3DeyJpZCI6MzcyLCJ1cmwiOiJodHRwczpcL1wvcHNzbC5jbFwvd3AtY29udGVudFwvdXBsb2Fkc1wvMjAyNVwvMTFcL0lNRy0yMDI0MTIwNS1XQTAwMjIuanBnIiwic2xpZGVzaG93IjoiZjM4ZjVhNyJ9\">\n\t\t\t\t\t<div class=\"e-gallery-image elementor-gallery-item__image\" data-thumbnail=\"https:\/\/pssl.cl\/wp-content\/uploads\/2025\/11\/IMG-20241205-WA0022-225x300.jpg\" data-width=\"225\" data-height=\"300\" aria-label=\"\" role=\"img\" ><\/div>\n\t\t\t\t\t\t\t\t\t\t\t<div class=\"elementor-gallery-item__overlay\"><\/div>\n\t\t\t\t\t\t\t\t\t\t\t\t\t\t<\/a>\n\t\t\t\t\t\t\t<a class=\"e-gallery-item elementor-gallery-item elementor-animated-content\" href=\"https:\/\/pssl.cl\/wp-content\/uploads\/2025\/11\/IMG-20250214-WA0011.jpg\" data-elementor-open-lightbox=\"yes\" data-elementor-lightbox-slideshow=\"f38f5a7\" data-elementor-lightbox-title=\"IMG-20250214-WA0011\" data-e-action-hash=\"#elementor-action%3Aaction%3Dlightbox%26settings%3DeyJpZCI6MzczLCJ1cmwiOiJodHRwczpcL1wvcHNzbC5jbFwvd3AtY29udGVudFwvdXBsb2Fkc1wvMjAyNVwvMTFcL0lNRy0yMDI1MDIxNC1XQTAwMTEuanBnIiwic2xpZGVzaG93IjoiZjM4ZjVhNyJ9\">\n\t\t\t\t\t<div class=\"e-gallery-image elementor-gallery-item__image\" data-thumbnail=\"https:\/\/pssl.cl\/wp-content\/uploads\/2025\/11\/IMG-20250214-WA0011-225x300.jpg\" data-width=\"225\" data-height=\"300\" aria-label=\"\" role=\"img\" ><\/div>\n\t\t\t\t\t\t\t\t\t\t\t<div class=\"elementor-gallery-item__overlay\"><\/div>\n\t\t\t\t\t\t\t\t\t\t\t\t\t\t<\/a>\n\t\t\t\t\t\t\t<a class=\"e-gallery-item elementor-gallery-item elementor-animated-content\" href=\"https:\/\/pssl.cl\/wp-content\/uploads\/2025\/11\/IMG-20250327-WA0029.jpg\" data-elementor-open-lightbox=\"yes\" data-elementor-lightbox-slideshow=\"f38f5a7\" data-elementor-lightbox-title=\"IMG-20250327-WA0029\" data-e-action-hash=\"#elementor-action%3Aaction%3Dlightbox%26settings%3DeyJpZCI6Mzc0LCJ1cmwiOiJodHRwczpcL1wvcHNzbC5jbFwvd3AtY29udGVudFwvdXBsb2Fkc1wvMjAyNVwvMTFcL0lNRy0yMDI1MDMyNy1XQTAwMjkuanBnIiwic2xpZGVzaG93IjoiZjM4ZjVhNyJ9\">\n\t\t\t\t\t<div class=\"e-gallery-image elementor-gallery-item__image\" data-thumbnail=\"https:\/\/pssl.cl\/wp-content\/uploads\/2025\/11\/IMG-20250327-WA0029-300x169.jpg\" data-width=\"300\" data-height=\"169\" aria-label=\"\" role=\"img\" ><\/div>\n\t\t\t\t\t\t\t\t\t\t\t<div class=\"elementor-gallery-item__overlay\"><\/div>\n\t\t\t\t\t\t\t\t\t\t\t\t\t\t<\/a>\n\t\t\t\t\t\t\t<a class=\"e-gallery-item elementor-gallery-item elementor-animated-content\" href=\"https:\/\/pssl.cl\/wp-content\/uploads\/2025\/11\/IMG-20250528-WA0013.jpg\" data-elementor-open-lightbox=\"yes\" data-elementor-lightbox-slideshow=\"f38f5a7\" data-elementor-lightbox-title=\"IMG-20250528-WA0013\" data-e-action-hash=\"#elementor-action%3Aaction%3Dlightbox%26settings%3DeyJpZCI6Mzc1LCJ1cmwiOiJodHRwczpcL1wvcHNzbC5jbFwvd3AtY29udGVudFwvdXBsb2Fkc1wvMjAyNVwvMTFcL0lNRy0yMDI1MDUyOC1XQTAwMTMuanBnIiwic2xpZGVzaG93IjoiZjM4ZjVhNyJ9\">\n\t\t\t\t\t<div class=\"e-gallery-image elementor-gallery-item__image\" data-thumbnail=\"https:\/\/pssl.cl\/wp-content\/uploads\/2025\/11\/IMG-20250528-WA0013-300x225.jpg\" data-width=\"300\" data-height=\"225\" aria-label=\"\" role=\"img\" ><\/div>\n\t\t\t\t\t\t\t\t\t\t\t<div class=\"elementor-gallery-item__overlay\"><\/div>\n\t\t\t\t\t\t\t\t\t\t\t\t\t\t<\/a>\n\t\t\t\t\t\t\t<a class=\"e-gallery-item elementor-gallery-item elementor-animated-content\" href=\"https:\/\/pssl.cl\/wp-content\/uploads\/2025\/11\/IMG-20250619-WA0022.jpg\" data-elementor-open-lightbox=\"yes\" data-elementor-lightbox-slideshow=\"f38f5a7\" data-elementor-lightbox-title=\"IMG-20250619-WA0022\" data-e-action-hash=\"#elementor-action%3Aaction%3Dlightbox%26settings%3DeyJpZCI6Mzc2LCJ1cmwiOiJodHRwczpcL1wvcHNzbC5jbFwvd3AtY29udGVudFwvdXBsb2Fkc1wvMjAyNVwvMTFcL0lNRy0yMDI1MDYxOS1XQTAwMjIuanBnIiwic2xpZGVzaG93IjoiZjM4ZjVhNyJ9\">\n\t\t\t\t\t<div class=\"e-gallery-image elementor-gallery-item__image\" data-thumbnail=\"https:\/\/pssl.cl\/wp-content\/uploads\/2025\/11\/IMG-20250619-WA0022-300x135.jpg\" data-width=\"300\" data-height=\"135\" aria-label=\"\" role=\"img\" ><\/div>\n\t\t\t\t\t\t\t\t\t\t\t<div class=\"elementor-gallery-item__overlay\"><\/div>\n\t\t\t\t\t\t\t\t\t\t\t\t\t\t<\/a>\n\t\t\t\t\t\t\t<a class=\"e-gallery-item elementor-gallery-item elementor-animated-content\" href=\"https:\/\/pssl.cl\/wp-content\/uploads\/2025\/11\/IMG-20250710-WA0002.jpg\" data-elementor-open-lightbox=\"yes\" data-elementor-lightbox-slideshow=\"f38f5a7\" data-elementor-lightbox-title=\"IMG-20250710-WA0002\" data-e-action-hash=\"#elementor-action%3Aaction%3Dlightbox%26settings%3DeyJpZCI6Mzc3LCJ1cmwiOiJodHRwczpcL1wvcHNzbC5jbFwvd3AtY29udGVudFwvdXBsb2Fkc1wvMjAyNVwvMTFcL0lNRy0yMDI1MDcxMC1XQTAwMDIuanBnIiwic2xpZGVzaG93IjoiZjM4ZjVhNyJ9\">\n\t\t\t\t\t<div class=\"e-gallery-image elementor-gallery-item__image\" data-thumbnail=\"https:\/\/pssl.cl\/wp-content\/uploads\/2025\/11\/IMG-20250710-WA0002-300x169.jpg\" data-width=\"300\" data-height=\"169\" aria-label=\"\" role=\"img\" ><\/div>\n\t\t\t\t\t\t\t\t\t\t\t<div class=\"elementor-gallery-item__overlay\"><\/div>\n\t\t\t\t\t\t\t\t\t\t\t\t\t\t<\/a>\n\t\t\t\t\t\t\t<a class=\"e-gallery-item elementor-gallery-item elementor-animated-content\" href=\"https:\/\/pssl.cl\/wp-content\/uploads\/2025\/11\/IMG-20250814-WA0001-1.jpg\" data-elementor-open-lightbox=\"yes\" data-elementor-lightbox-slideshow=\"f38f5a7\" data-elementor-lightbox-title=\"IMG-20250814-WA0001\" data-e-action-hash=\"#elementor-action%3Aaction%3Dlightbox%26settings%3DeyJpZCI6Mzc4LCJ1cmwiOiJodHRwczpcL1wvcHNzbC5jbFwvd3AtY29udGVudFwvdXBsb2Fkc1wvMjAyNVwvMTFcL0lNRy0yMDI1MDgxNC1XQTAwMDEtMS5qcGciLCJzbGlkZXNob3ciOiJmMzhmNWE3In0%3D\">\n\t\t\t\t\t<div class=\"e-gallery-image elementor-gallery-item__image\" data-thumbnail=\"https:\/\/pssl.cl\/wp-content\/uploads\/2025\/11\/IMG-20250814-WA0001-1-300x135.jpg\" data-width=\"300\" data-height=\"135\" aria-label=\"\" role=\"img\" ><\/div>\n\t\t\t\t\t\t\t\t\t\t\t<div class=\"elementor-gallery-item__overlay\"><\/div>\n\t\t\t\t\t\t\t\t\t\t\t\t\t\t<\/a>\n\t\t\t\t\t\t\t<a class=\"e-gallery-item elementor-gallery-item elementor-animated-content\" href=\"https:\/\/pssl.cl\/wp-content\/uploads\/2025\/11\/Jaula-cilindros-co2.jpeg\" data-elementor-open-lightbox=\"yes\" data-elementor-lightbox-slideshow=\"f38f5a7\" data-elementor-lightbox-title=\"Jaula cilindros co2\" data-e-action-hash=\"#elementor-action%3Aaction%3Dlightbox%26settings%3DeyJpZCI6Mzc5LCJ1cmwiOiJodHRwczpcL1wvcHNzbC5jbFwvd3AtY29udGVudFwvdXBsb2Fkc1wvMjAyNVwvMTFcL0phdWxhLWNpbGluZHJvcy1jbzIuanBlZyIsInNsaWRlc2hvdyI6ImYzOGY1YTcifQ%3D%3D\">\n\t\t\t\t\t<div class=\"e-gallery-image elementor-gallery-item__image\" data-thumbnail=\"https:\/\/pssl.cl\/wp-content\/uploads\/2025\/11\/Jaula-cilindros-co2-300x225.jpeg\" data-width=\"300\" data-height=\"225\" aria-label=\"\" role=\"img\" ><\/div>\n\t\t\t\t\t\t\t\t\t\t\t<div class=\"elementor-gallery-item__overlay\"><\/div>\n\t\t\t\t\t\t\t\t\t\t\t\t\t\t<\/a>\n\t\t\t\t\t\t\t<a class=\"e-gallery-item elementor-gallery-item elementor-animated-content\" href=\"https:\/\/pssl.cl\/wp-content\/uploads\/2025\/11\/Lavado-cilindros.jpeg\" data-elementor-open-lightbox=\"yes\" data-elementor-lightbox-slideshow=\"f38f5a7\" data-elementor-lightbox-title=\"Lavado cilindros\" data-e-action-hash=\"#elementor-action%3Aaction%3Dlightbox%26settings%3DeyJpZCI6MzgwLCJ1cmwiOiJodHRwczpcL1wvcHNzbC5jbFwvd3AtY29udGVudFwvdXBsb2Fkc1wvMjAyNVwvMTFcL0xhdmFkby1jaWxpbmRyb3MuanBlZyIsInNsaWRlc2hvdyI6ImYzOGY1YTcifQ%3D%3D\">\n\t\t\t\t\t<div class=\"e-gallery-image elementor-gallery-item__image\" data-thumbnail=\"https:\/\/pssl.cl\/wp-content\/uploads\/2025\/11\/Lavado-cilindros-225x300.jpeg\" data-width=\"225\" data-height=\"300\" aria-label=\"\" role=\"img\" ><\/div>\n\t\t\t\t\t\t\t\t\t\t\t<div class=\"elementor-gallery-item__overlay\"><\/div>\n\t\t\t\t\t\t\t\t\t\t\t\t\t\t<\/a>\n\t\t\t\t\t\t\t<a class=\"e-gallery-item elementor-gallery-item elementor-animated-content\" href=\"https:\/\/pssl.cl\/wp-content\/uploads\/2025\/11\/WhatsApp-Image-2025-09-04-at-16.04.43.jpeg\" data-elementor-open-lightbox=\"yes\" data-elementor-lightbox-slideshow=\"f38f5a7\" data-elementor-lightbox-title=\"WhatsApp Image 2025-09-04 at 16.04.43\" data-e-action-hash=\"#elementor-action%3Aaction%3Dlightbox%26settings%3DeyJpZCI6MzgxLCJ1cmwiOiJodHRwczpcL1wvcHNzbC5jbFwvd3AtY29udGVudFwvdXBsb2Fkc1wvMjAyNVwvMTFcL1doYXRzQXBwLUltYWdlLTIwMjUtMDktMDQtYXQtMTYuMDQuNDMuanBlZyIsInNsaWRlc2hvdyI6ImYzOGY1YTcifQ%3D%3D\">\n\t\t\t\t\t<div class=\"e-gallery-image elementor-gallery-item__image\" data-thumbnail=\"https:\/\/pssl.cl\/wp-content\/uploads\/2025\/11\/WhatsApp-Image-2025-09-04-at-16.04.43-225x300.jpeg\" data-width=\"225\" data-height=\"300\" aria-label=\"\" role=\"img\" ><\/div>\n\t\t\t\t\t\t\t\t\t\t\t<div class=\"elementor-gallery-item__overlay\"><\/div>\n\t\t\t\t\t\t\t\t\t\t\t\t\t\t<\/a>\n\t\t\t\t\t<\/div>\n\t\t\t\t\t<\/div>\n\t\t\t\t\t<\/div>\n\t\t\t\t<\/div>\n\t\t\t\t<\/div>","protected":false},"excerpt":{"rendered":"<p>Soluciones Log\u00edsticas Efectivas Galer\u00eda de Im\u00e1genes Cont\u00e1ctanos Ver Servicios<\/p>","protected":false},"author":1,"featured_media":0,"parent":0,"menu_order":0,"comment_status":"closed","ping_status":"closed","template":"","meta":{"footnotes":""},"class_list":["post-343","page","type-page","status-publish","hentry"],"_links":{"self":[{"href":"https:\/\/pssl.cl\/en\/wp-json\/wp\/v2\/pages\/343","targetHints":{"allow":["GET"]}}],"collection":[{"href":"https:\/\/pssl.cl\/en\/wp-json\/wp\/v2\/pages"}],"about":[{"href":"https:\/\/pssl.cl\/en\/wp-json\/wp\/v2\/types\/page"}],"author":[{"embeddable":true,"href":"https:\/\/pssl.cl\/en\/wp-json\/wp\/v2\/users\/1"}],"replies":[{"embeddable":true,"href":"https:\/\/pssl.cl\/en\/wp-json\/wp\/v2\/comments?post=343"}],"version-history":[{"count":16,"href":"https:\/\/pssl.cl\/en\/wp-json\/wp\/v2\/pages\/343\/revisions"}],"predecessor-version":[{"id":467,"href":"https:\/\/pssl.cl\/en\/wp-json\/wp\/v2\/pages\/343\/revisions\/467"}],"wp:attachment":[{"href":"https:\/\/pssl.cl\/en\/wp-json\/wp\/v2\/media?parent=343"}],"curies":[{"name":"wp","href":"https:\/\/api.w.org\/{rel}","templated":true}]}}