{"id":19,"date":"2025-10-23T18:20:34","date_gmt":"2025-10-23T16:20:34","guid":{"rendered":"https:\/\/darksalmon-sardine-471337.hostingersite.com\/index.php\/nuestros-servicios\/"},"modified":"2026-03-23T17:11:55","modified_gmt":"2026-03-23T16:11:55","slug":"servicios","status":"publish","type":"page","link":"https:\/\/pssl.cl\/en\/servicios\/","title":{"rendered":"Services"},"content":{"rendered":"\t\t<div data-elementor-type=\"wp-page\" data-elementor-id=\"19\" class=\"elementor elementor-19\" data-elementor-post-type=\"page\">\n\t\t\t\t<div class=\"elementor-element elementor-element-b0842dc e-flex e-con-boxed e-con e-parent\" data-id=\"b0842dc\" data-element_type=\"container\" data-settings=\"{&quot;background_background&quot;:&quot;classic&quot;}\">\n\t\t\t\t\t<div class=\"e-con-inner\">\n\t\t<div class=\"elementor-element elementor-element-8f067d2 e-con-full e-flex e-con e-child\" data-id=\"8f067d2\" data-element_type=\"container\">\n\t\t\t\t<div class=\"elementor-element elementor-element-c8cac7e elementor-widget elementor-widget-heading\" data-id=\"c8cac7e\" data-element_type=\"widget\" data-widget_type=\"heading.default\">\n\t\t\t\t\t<h5 class=\"elementor-heading-title elementor-size-default\">Soluciones Efectivas<\/h5>\t\t\t\t<\/div>\n\t\t\t\t<div class=\"elementor-element elementor-element-49bf801 elementor-widget elementor-widget-heading\" data-id=\"49bf801\" data-element_type=\"widget\" data-widget_type=\"heading.default\">\n\t\t\t\t\t<h1 class=\"elementor-heading-title elementor-size-default\">Log\u00edstica a tu Medida<\/h1>\t\t\t\t<\/div>\n\t\t\t\t<div class=\"elementor-element elementor-element-88b9301 elementor-widget elementor-widget-text-editor\" data-id=\"88b9301\" data-element_type=\"widget\" data-widget_type=\"text-editor.default\">\n\t\t\t\t\t\t\t\t\t<section class=\"bg-secondary text-white py-16\"><div class=\"max-w-7xl mx-auto px-4 sm:px-6 lg:px-8 text-center\"><p class=\"mt-4 text-lg sm:text-xl max-w-3xl mx-auto opacity-90\">Ofrecemos servicios log\u00edsticos mar\u00edtimos y terrestres dise\u00f1ados para optimizar tus operaciones. Nuestro compromiso se basa en la integridad y confianza, asegurando soluciones personalizadas y eficientes para tu negocio. Descubre c\u00f3mo podemos ayudarte a alcanzar tus objetivos.<\/p><\/div><\/section>\t\t\t\t\t\t\t\t<\/div>\n\t\t<div class=\"elementor-element elementor-element-7722336 e-con-full e-flex e-con e-child\" data-id=\"7722336\" data-element_type=\"container\">\n\t\t\t\t<div class=\"elementor-element elementor-element-2fdb45a elementor-widget__width-auto elementor-mobile-align-right elementor-widget elementor-widget-button\" data-id=\"2fdb45a\" data-element_type=\"widget\" data-widget_type=\"button.default\">\n\t\t\t\t\t\t\t\t\t\t<a class=\"elementor-button elementor-button-link elementor-size-sm\" href=\"https:\/\/pssl.cl\/contacto\/\">\n\t\t\t\t\t\t<span class=\"elementor-button-content-wrapper\">\n\t\t\t\t\t\t\t\t\t<span class=\"elementor-button-text\">Cont\u00e1ctanos<\/span>\n\t\t\t\t\t<\/span>\n\t\t\t\t\t<\/a>\n\t\t\t\t\t\t\t\t<\/div>\n\t\t\t\t<\/div>\n\t\t\t\t<\/div>\n\t\t\t\t\t<\/div>\n\t\t\t\t<\/div>\n\t\t<div class=\"elementor-element elementor-element-405c8b0 e-flex e-con-boxed e-con e-parent\" data-id=\"405c8b0\" data-element_type=\"container\" data-settings=\"{&quot;background_background&quot;:&quot;classic&quot;}\">\n\t\t\t\t\t<div class=\"e-con-inner\">\n\t\t<div class=\"elementor-element elementor-element-c510d93 e-con-full e-flex e-con e-child\" data-id=\"c510d93\" data-element_type=\"container\">\n\t\t\t\t<div class=\"elementor-element elementor-element-c1b8148 elementor-widget elementor-widget-image\" data-id=\"c1b8148\" data-element_type=\"widget\" data-widget_type=\"image.default\">\n\t\t\t\t\t\t\t\t\t\t\t\t\t\t\t<img fetchpriority=\"high\" decoding=\"async\" width=\"768\" height=\"1024\" src=\"https:\/\/pssl.cl\/wp-content\/uploads\/2025\/11\/FOTO-EJ-ESPIAS-768x1024.jpg\" class=\"attachment-large size-large wp-image-252\" alt=\"\" srcset=\"https:\/\/pssl.cl\/wp-content\/uploads\/2025\/11\/FOTO-EJ-ESPIAS-768x1024.jpg 768w, https:\/\/pssl.cl\/wp-content\/uploads\/2025\/11\/FOTO-EJ-ESPIAS-225x300.jpg 225w, https:\/\/pssl.cl\/wp-content\/uploads\/2025\/11\/FOTO-EJ-ESPIAS-1152x1536.jpg 1152w, https:\/\/pssl.cl\/wp-content\/uploads\/2025\/11\/FOTO-EJ-ESPIAS.jpg 1200w\" sizes=\"(max-width: 768px) 100vw, 768px\" \/>\t\t\t\t\t\t\t\t\t\t\t\t\t\t\t<\/div>\n\t\t\t\t<\/div>\n\t\t<div class=\"elementor-element elementor-element-888ddd1 e-con-full e-flex e-con e-child\" data-id=\"888ddd1\" data-element_type=\"container\">\n\t\t\t\t<div class=\"elementor-element elementor-element-523c0a3 elementor-widget elementor-widget-heading\" data-id=\"523c0a3\" data-element_type=\"widget\" data-widget_type=\"heading.default\">\n\t\t\t\t\t<h2 class=\"elementor-heading-title elementor-size-default\">Servicios Log\u00edsticos<\/h2>\t\t\t\t<\/div>\n\t\t\t\t<div class=\"elementor-element elementor-element-e525d67 elementor-widget elementor-widget-text-editor\" data-id=\"e525d67\" data-element_type=\"widget\" data-widget_type=\"text-editor.default\">\n\t\t\t\t\t\t\t\t\t<p>Nuestra misi\u00f3n es ofrecer soluciones log\u00edsticas integradas que cumplan con los m\u00e1s altos est\u00e1ndares de calidad y eficiencia. Buscamos facilitar las operaciones mar\u00edtimas y terrestres de nuestros clientes, garantizando un servicio confiable y seguro.<\/p><p>Entendemos la importancia de cada env\u00edo y trabajamos para superar las expectativas de nuestros clientes. Desde el transporte de mercanc\u00edas hasta el mantenimiento de naves, nuestro compromiso es ofrecer un servicio que inspire confianza y brinde resultados. Con nosotros, su carga est\u00e1 en buenas manos.<\/p>\t\t\t\t\t\t\t\t<\/div>\n\t\t\t\t<\/div>\n\t\t\t\t\t<\/div>\n\t\t\t\t<\/div>\n\t\t<div class=\"elementor-element elementor-element-76550d9 e-flex e-con-boxed e-con e-parent\" data-id=\"76550d9\" data-element_type=\"container\" data-settings=\"{&quot;background_background&quot;:&quot;classic&quot;}\">\n\t\t\t\t\t<div class=\"e-con-inner\">\n\t\t<div class=\"elementor-element elementor-element-b56ebfb e-con-full e-flex e-con e-child\" data-id=\"b56ebfb\" data-element_type=\"container\">\n\t\t\t\t<div class=\"elementor-element elementor-element-35205be elementor-widget elementor-widget-heading\" data-id=\"35205be\" data-element_type=\"widget\" data-widget_type=\"heading.default\">\n\t\t\t\t\t<h2 class=\"elementor-heading-title elementor-size-default\">Nuestros Servicios<\/h2>\t\t\t\t<\/div>\n\t\t\t\t<\/div>\n\t\t<div class=\"elementor-element elementor-element-27c2663 e-con-full e-flex e-con e-child\" data-id=\"27c2663\" data-element_type=\"container\">\n\t\t<div class=\"elementor-element elementor-element-e4e6dd9 e-con-full e-flex e-con e-child\" data-id=\"e4e6dd9\" data-element_type=\"container\" data-settings=\"{&quot;background_background&quot;:&quot;classic&quot;}\">\n\t\t<div class=\"elementor-element elementor-element-85bd0c8 e-con-full e-flex e-con e-child\" data-id=\"85bd0c8\" data-element_type=\"container\" data-settings=\"{&quot;background_background&quot;:&quot;classic&quot;}\">\n\t\t\t\t<\/div>\n\t\t\t\t<div class=\"elementor-element elementor-element-71ccd62 elementor-widget elementor-widget-heading\" data-id=\"71ccd62\" data-element_type=\"widget\" data-widget_type=\"heading.default\">\n\t\t\t\t\t<h3 class=\"elementor-heading-title elementor-size-default\">V\u00edveres y Provisiones<\/h3>\t\t\t\t<\/div>\n\t\t\t\t<div class=\"elementor-element elementor-element-5c94b95 elementor-widget elementor-widget-text-editor\" data-id=\"5c94b95\" data-element_type=\"widget\" data-widget_type=\"text-editor.default\">\n\t\t\t\t\t\t\t\t\t<p data-pm-slice=\"1 1 []\">Ofrecemos alimentos frescos y de calidad, con una amplia variedad de productos. Desde carnes congeladas de todo tipo, frutas y verduras, l\u00e1cteos, abarrotes, bebestibles, etc.<\/p>\t\t\t\t\t\t\t\t<\/div>\n\t\t\t\t<\/div>\n\t\t<div class=\"elementor-element elementor-element-1539727 e-con-full e-flex e-con e-child\" data-id=\"1539727\" data-element_type=\"container\" data-settings=\"{&quot;background_background&quot;:&quot;classic&quot;}\">\n\t\t<div class=\"elementor-element elementor-element-f0ecaf7 e-con-full e-flex e-con e-child\" data-id=\"f0ecaf7\" data-element_type=\"container\" data-settings=\"{&quot;background_background&quot;:&quot;classic&quot;}\">\n\t\t\t\t<\/div>\n\t\t\t\t<div class=\"elementor-element elementor-element-f0a7042 elementor-widget elementor-widget-heading\" data-id=\"f0a7042\" data-element_type=\"widget\" data-widget_type=\"heading.default\">\n\t\t\t\t\t<h3 class=\"elementor-heading-title elementor-size-default\">Suministros T\u00e9cnicos<\/h3>\t\t\t\t<\/div>\n\t\t\t\t<div class=\"elementor-element elementor-element-6e63f0d elementor-widget elementor-widget-text-editor\" data-id=\"6e63f0d\" data-element_type=\"widget\" data-widget_type=\"text-editor.default\">\n\t\t\t\t\t\t\t\t\t<div class=\"bg-white p-8 rounded-lg shadow-lg text-center transition-transform transform hover:-translate-y-2\"><p class=\"text-gray-600 text-sm leading-relaxed min-h-[100px]\">Ofrecemos todo tipo de repuestos, herramientas y productos necesarios para el correcto funcionamiento de la nave. Ropa y implementos de seguridad, ferreter\u00eda, implementos n\u00e1uticos, qu\u00edmicos, productos de limpieza, art\u00edculos de oficina y librer\u00eda, entre otros.<\/p><\/div>\t\t\t\t\t\t\t\t<\/div>\n\t\t\t\t<\/div>\n\t\t<div class=\"elementor-element elementor-element-8b63962 e-con-full e-flex e-con e-child\" data-id=\"8b63962\" data-element_type=\"container\" data-settings=\"{&quot;background_background&quot;:&quot;classic&quot;}\">\n\t\t<div class=\"elementor-element elementor-element-082c45d e-con-full e-flex e-con e-child\" data-id=\"082c45d\" data-element_type=\"container\" data-settings=\"{&quot;background_background&quot;:&quot;classic&quot;}\">\n\t\t\t\t<\/div>\n\t\t\t\t<div class=\"elementor-element elementor-element-7bcd33f elementor-widget elementor-widget-heading\" data-id=\"7bcd33f\" data-element_type=\"widget\" data-widget_type=\"heading.default\">\n\t\t\t\t\t<h3 class=\"elementor-heading-title elementor-size-default\">Inspecci\u00f3n de Equipos de Seguridad<\/h3>\t\t\t\t<\/div>\n\t\t\t\t<div class=\"elementor-element elementor-element-1a7ee8d elementor-widget elementor-widget-text-editor\" data-id=\"1a7ee8d\" data-element_type=\"widget\" data-widget_type=\"text-editor.default\">\n\t\t\t\t\t\t\t\t\t<div class=\"bg-white p-8 rounded-lg shadow-lg text-center transition-transform transform hover:-translate-y-2\"><p class=\"text-gray-600 text-sm leading-relaxed min-h-[100px]\">Contamos con t\u00e9cnicos capacitados para la inspecci\u00f3n y recarga de cilindros de CO2. Realizamos inspecciones a equipos de seguridad y sistemas de incendio. Nuestro taller cuenta con maquinaria para hacer pruebas hidrost\u00e1tica y mantenci\u00f3n de cilindros.<\/p><\/div>\t\t\t\t\t\t\t\t<\/div>\n\t\t\t\t<\/div>\n\t\t\t\t<\/div>\n\t\t<div class=\"elementor-element elementor-element-e1d2cf0 e-con-full e-flex e-con e-child\" data-id=\"e1d2cf0\" data-element_type=\"container\">\n\t\t<div class=\"elementor-element elementor-element-54354f5 e-con-full e-flex e-con e-child\" data-id=\"54354f5\" data-element_type=\"container\" data-settings=\"{&quot;background_background&quot;:&quot;classic&quot;}\">\n\t\t<div class=\"elementor-element elementor-element-f1132c8 e-con-full e-flex e-con e-child\" data-id=\"f1132c8\" data-element_type=\"container\" data-settings=\"{&quot;background_background&quot;:&quot;classic&quot;}\">\n\t\t\t\t<\/div>\n\t\t\t\t<div class=\"elementor-element elementor-element-48bae9d elementor-widget elementor-widget-heading\" data-id=\"48bae9d\" data-element_type=\"widget\" data-widget_type=\"heading.default\">\n\t\t\t\t\t<h3 class=\"elementor-heading-title elementor-size-default\">Repuestos en Tr\u00e1nsito y Almacenaje<\/h3>\t\t\t\t<\/div>\n\t\t\t\t<div class=\"elementor-element elementor-element-21654f3 elementor-widget elementor-widget-text-editor\" data-id=\"21654f3\" data-element_type=\"widget\" data-widget_type=\"text-editor.default\">\n\t\t\t\t\t\t\t\t\t<div class=\"bg-white p-8 rounded-lg shadow-lg text-center transition-transform transform hover:-translate-y-2\"><p class=\"text-gray-600 text-sm leading-relaxed min-h-[100px]\">Realizamos entregas de repuestos en transito desde el aeropuerto hasta la nave a lo largo del pa\u00eds.<\/p><\/div>\t\t\t\t\t\t\t\t<\/div>\n\t\t\t\t<\/div>\n\t\t<div class=\"elementor-element elementor-element-39ddf6a e-con-full e-flex e-con e-child\" data-id=\"39ddf6a\" data-element_type=\"container\" data-settings=\"{&quot;background_background&quot;:&quot;classic&quot;}\">\n\t\t<div class=\"elementor-element elementor-element-e13009f e-con-full e-flex e-con e-child\" data-id=\"e13009f\" data-element_type=\"container\" data-settings=\"{&quot;background_background&quot;:&quot;classic&quot;}\">\n\t\t\t\t<\/div>\n\t\t\t\t<div class=\"elementor-element elementor-element-35d98dd elementor-widget elementor-widget-heading\" data-id=\"35d98dd\" data-element_type=\"widget\" data-widget_type=\"heading.default\">\n\t\t\t\t\t<h3 class=\"elementor-heading-title elementor-size-default\">Espias de Amarre<\/h3>\t\t\t\t<\/div>\n\t\t\t\t<div class=\"elementor-element elementor-element-459e692 elementor-widget elementor-widget-text-editor\" data-id=\"459e692\" data-element_type=\"widget\" data-widget_type=\"text-editor.default\">\n\t\t\t\t\t\t\t\t\t<div class=\"bg-white p-8 rounded-lg shadow-lg text-center transition-transform transform hover:-translate-y-2\"><p class=\"text-gray-600 text-sm leading-relaxed min-h-[100px]\">Contamos con stock de cabos de amarre Superflex en diferentes medidas y con certificaci\u00f3n MEG4.<\/p><\/div>\t\t\t\t\t\t\t\t<\/div>\n\t\t\t\t<\/div>\n\t\t<div class=\"elementor-element elementor-element-1c407ad e-con-full e-flex e-con e-child\" data-id=\"1c407ad\" data-element_type=\"container\" data-settings=\"{&quot;background_background&quot;:&quot;classic&quot;}\">\n\t\t<div class=\"elementor-element elementor-element-90d8d59 e-con-full e-flex e-con e-child\" data-id=\"90d8d59\" data-element_type=\"container\" data-settings=\"{&quot;background_background&quot;:&quot;classic&quot;}\">\n\t\t\t\t<\/div>\n\t\t\t\t<div class=\"elementor-element elementor-element-45ee779 elementor-widget elementor-widget-heading\" data-id=\"45ee779\" data-element_type=\"widget\" data-widget_type=\"heading.default\">\n\t\t\t\t\t<h3 class=\"elementor-heading-title elementor-size-default\">Rebobinado de Motores<\/h3>\t\t\t\t<\/div>\n\t\t\t\t<div class=\"elementor-element elementor-element-aea610f elementor-widget elementor-widget-text-editor\" data-id=\"aea610f\" data-element_type=\"widget\" data-widget_type=\"text-editor.default\">\n\t\t\t\t\t\t\t\t\t<div class=\"grid md:grid-cols-2 lg:grid-cols-3 gap-8\"><div class=\"bg-white p-8 rounded-lg shadow-lg text-center transition-transform transform hover:-translate-y-2\"><p class=\"text-gray-600 text-sm leading-relaxed min-h-[100px]\">Hacemos reparaciones, mantenciones y servicio de rebobinado de motores el\u00e9ctricos.<\/p><\/div><\/div>\t\t\t\t\t\t\t\t<\/div>\n\t\t\t\t<\/div>\n\t\t\t\t<\/div>\n\t\t\t\t<div class=\"elementor-element elementor-element-ba3a6ca elementor-widget__width-auto elementor-widget elementor-widget-button\" data-id=\"ba3a6ca\" data-element_type=\"widget\" data-widget_type=\"button.default\">\n\t\t\t\t\t\t\t\t\t\t<a class=\"elementor-button elementor-button-link elementor-size-sm\" href=\"https:\/\/pssl.cl\/contacto\/\">\n\t\t\t\t\t\t<span class=\"elementor-button-content-wrapper\">\n\t\t\t\t\t\t\t\t\t<span class=\"elementor-button-text\">Cont\u00e1ctanos<\/span>\n\t\t\t\t\t<\/span>\n\t\t\t\t\t<\/a>\n\t\t\t\t\t\t\t\t<\/div>\n\t\t\t\t\t<\/div>\n\t\t\t\t<\/div>\n\t\t<div class=\"elementor-element elementor-element-bab0d6f e-flex e-con-boxed e-con e-parent\" data-id=\"bab0d6f\" data-element_type=\"container\" data-settings=\"{&quot;background_background&quot;:&quot;classic&quot;}\">\n\t\t\t\t\t<div class=\"e-con-inner\">\n\t\t<div class=\"elementor-element elementor-element-34e1019 e-con-full e-flex e-con e-child\" data-id=\"34e1019\" data-element_type=\"container\">\n\t\t\t\t<div class=\"elementor-element elementor-element-38ec5f6 elementor-widget elementor-widget-heading\" data-id=\"38ec5f6\" data-element_type=\"widget\" data-widget_type=\"heading.default\">\n\t\t\t\t\t<h5 class=\"elementor-heading-title elementor-size-default\">Servicios de Confianza<\/h5>\t\t\t\t<\/div>\n\t\t\t\t<div class=\"elementor-element elementor-element-4fb81a8 elementor-widget elementor-widget-heading\" data-id=\"4fb81a8\" data-element_type=\"widget\" data-widget_type=\"heading.default\">\n\t\t\t\t\t<h2 class=\"elementor-heading-title elementor-size-default\">\u00bfListo para una Soluci\u00f3n Eficiente?\n<\/h2>\t\t\t\t<\/div>\n\t\t\t\t<div class=\"elementor-element elementor-element-22e364a elementor-widget elementor-widget-text-editor\" data-id=\"22e364a\" data-element_type=\"widget\" data-widget_type=\"text-editor.default\">\n\t\t\t\t\t\t\t\t\t<p class=\"text-lg text-gray-700 mb-8\">P\u00f3ngase en contacto con nuestro equipo de expertos para una cotizaci\u00f3n o para discutir sus necesidades espec\u00edficas.<\/p>\t\t\t\t\t\t\t\t<\/div>\n\t\t\t\t<div class=\"elementor-element elementor-element-025fded elementor-widget__width-auto elementor-widget elementor-widget-button\" data-id=\"025fded\" data-element_type=\"widget\" data-widget_type=\"button.default\">\n\t\t\t\t\t\t\t\t\t\t<a class=\"elementor-button elementor-button-link elementor-size-sm\" href=\"https:\/\/pssl.cl\/contacto\/\">\n\t\t\t\t\t\t<span class=\"elementor-button-content-wrapper\">\n\t\t\t\t\t\t\t\t\t<span class=\"elementor-button-text\">Solicitar Cotizaci\u00f3n<\/span>\n\t\t\t\t\t<\/span>\n\t\t\t\t\t<\/a>\n\t\t\t\t\t\t\t\t<\/div>\n\t\t\t\t<\/div>\n\t\t\t\t\t<\/div>\n\t\t\t\t<\/div>\n\t\t\t\t<\/div>\n\t\t","protected":false},"excerpt":{"rendered":"<p>Soluciones Efectivas Log\u00edstica a tu Medida Ofrecemos servicios log\u00edsticos mar\u00edtimos y terrestres dise\u00f1ados para optimizar tus operaciones. Nuestro compromiso se basa en la integridad y confianza, asegurando soluciones personalizadas y eficientes para tu negocio. Descubre c\u00f3mo podemos ayudarte a alcanzar tus objetivos. Cont\u00e1ctanos Servicios Log\u00edsticos Nuestra misi\u00f3n es ofrecer soluciones log\u00edsticas integradas que cumplan con [&hellip;]<\/p>\n","protected":false},"author":1,"featured_media":0,"parent":0,"menu_order":0,"comment_status":"closed","ping_status":"closed","template":"","meta":{"footnotes":""},"class_list":["post-19","page","type-page","status-publish","hentry"],"_links":{"self":[{"href":"https:\/\/pssl.cl\/en\/wp-json\/wp\/v2\/pages\/19","targetHints":{"allow":["GET"]}}],"collection":[{"href":"https:\/\/pssl.cl\/en\/wp-json\/wp\/v2\/pages"}],"about":[{"href":"https:\/\/pssl.cl\/en\/wp-json\/wp\/v2\/types\/page"}],"author":[{"embeddable":true,"href":"https:\/\/pssl.cl\/en\/wp-json\/wp\/v2\/users\/1"}],"replies":[{"embeddable":true,"href":"https:\/\/pssl.cl\/en\/wp-json\/wp\/v2\/comments?post=19"}],"version-history":[{"count":41,"href":"https:\/\/pssl.cl\/en\/wp-json\/wp\/v2\/pages\/19\/revisions"}],"predecessor-version":[{"id":486,"href":"https:\/\/pssl.cl\/en\/wp-json\/wp\/v2\/pages\/19\/revisions\/486"}],"wp:attachment":[{"href":"https:\/\/pssl.cl\/en\/wp-json\/wp\/v2\/media?parent=19"}],"curies":[{"name":"wp","href":"https:\/\/api.w.org\/{rel}","templated":true}]}}